{"id":29,"date":"2025-06-15T23:17:17","date_gmt":"2025-06-15T23:17:17","guid":{"rendered":"http:\/\/celiftconsultoria.com.br\/about\/"},"modified":"2025-06-20T23:09:21","modified_gmt":"2025-06-20T23:09:21","slug":"about","status":"publish","type":"page","link":"https:\/\/celiftconsultoria.com.br\/home\/about\/","title":{"rendered":"Sobre"},"content":{"rendered":"\n<div class=\"wp-block-uagb-container uagb-block-20ef0fba alignfull uagb-is-root-container\"><div class=\"uagb-container-inner-blocks-wrap\">\n<div class=\"wp-block-uagb-advanced-heading uagb-block-55022895\"><h1 class=\"uagb-heading-text\">Sobre n\u00f3s<\/h1><\/div>\n\n\n\n<div class=\"wp-block-uagb-container uagb-block-a9ddd3cb\">\n<div class=\"wp-block-uagb-advanced-heading uagb-block-2b3d684c\"><h6 class=\"uagb-heading-text\"><strong>Solicite a sua consultoria<\/strong><\/h6><\/div>\n\n\n\n<div class=\"wp-block-uagb-icon-list uagb-block-9acb3b4c\"><div class=\"uagb-icon-list__wrap\">\n<div class=\"wp-block-uagb-icon-list-child uagb-block-e376693b\"><span class=\"uagb-icon-list__source-wrap\"><svg xmlns=\"https:\/\/www.w3.org\/2000\/svg\" viewBox=\"0 0 512 512\"><path d=\"M18.92 351.2l108.5-46.52c12.78-5.531 27.77-1.801 36.45 8.98l44.09 53.82c69.25-34 125.5-90.31 159.5-159.5l-53.81-44.04c-10.75-8.781-14.41-23.69-8.974-36.47l46.51-108.5c6.094-13.91 21.1-21.52 35.79-18.11l100.8 23.25c14.25 3.25 24.22 15.8 24.22 30.46c0 252.3-205.2 457.5-457.5 457.5c-14.67 0-27.18-9.968-30.45-24.22l-23.25-100.8C-2.571 372.4 5.018 357.2 18.92 351.2z\"><\/path><\/svg><\/span><span class=\"uagb-icon-list__label\">(11) 96123-6902\u200b<\/span><\/div>\n<\/div><\/div>\n<\/div>\n<\/div><\/div>\n\n\n\n<div class=\"wp-block-uagb-container uagb-block-b8bac119 alignfull uagb-is-root-container\"><div class=\"uagb-container-inner-blocks-wrap\">\n<div class=\"wp-block-uagb-container uagb-layout-grid uagb-block-7aedc3ee\">\n<div class=\"wp-block-uagb-advanced-heading uagb-block-e0eb9e2a\"><h2 class=\"uagb-heading-text\">Somos o apoio t\u00e9cnico que move o seu projeto para o futuro<\/h2><div class=\"uagb-separator\"><\/div><\/div>\n\n\n\n<div class=\"wp-block-uagb-advanced-heading uagb-block-3cf3a8dc\"><p class=\"uagb-heading-text\">A <strong>CE Lift Consultoria<\/strong> nasceu com o prop\u00f3sito de oferecer solu\u00e7\u00f5es completas e personalizadas para o setor de elevadores. Com mais de 25 anos de experi\u00eancia, nossa equipe atua com foco em qualidade, inova\u00e7\u00e3o e seguran\u00e7a, atendendo desde projetos de instala\u00e7\u00e3o at\u00e9 moderniza\u00e7\u00e3o de sistemas de transporte vertical.<br>Trabalhamos lado a lado com nossos clientes para garantir o melhor desempenho e a conformidade com as normas t\u00e9cnicas e regulamenta\u00e7\u00f5es vigentes. Nosso portf\u00f3lio inclui servi\u00e7os de consultoria t\u00e9cnica, laudos e avalia\u00e7\u00f5es, planejamento de obras e acompanhamento completo, sempre com compromisso e responsabilidade.<br> <\/p><\/div>\n\n\n\n<p><\/p>\n\n\n\n<p><strong>CE Lift Consultoria \u2013 Elevando padr\u00f5es, entregando futuro.<\/strong><\/p>\n<\/div>\n\n\n\n<div class=\"wp-block-uagb-container uag-blocks-common-selector uagb-block-362cc2f4\">\n<div class=\"wp-block-uagb-advanced-heading uagb-block-0cd5d3ae\"><h4 class=\"uagb-heading-text\">Oferecemos solu\u00e7\u00f5es completas em consultoria para elevadores, com foco em seguran\u00e7a, desempenho e conformidade.<\/h4><\/div>\n<\/div>\n<\/div><\/div>\n\n\n\n<div class=\"wp-block-uagb-container uag-blocks-common-selector uagb-layout-grid uagb-block-460c5fd6 alignfull uagb-is-root-container\"><div class=\"uagb-container-inner-blocks-wrap\">\n<div class=\"wp-block-uagb-advanced-heading uagb-block-aac93cb3\"><h2 class=\"uagb-heading-text\">Miss\u00e3o <\/h2><div class=\"uagb-separator\"><\/div><\/div>\n\n\n\n<div class=\"wp-block-uagb-advanced-heading uagb-block-e449d0e6\"><p class=\"uagb-heading-text\">Transformar conhecimento t\u00e9cnico em solu\u00e7\u00f5es inteligentes, auxiliando empresas, construtoras e condom\u00ednios a elevar seus padr\u00f5es em transporte vertical.<\/p><\/div>\n\n\n\n<div class=\"wp-block-uagb-advanced-heading uagb-block-77e63846\"><h2 class=\"uagb-heading-text\">Vis\u00e3o<\/h2><div class=\"uagb-separator\"><\/div><\/div>\n\n\n\n<div class=\"wp-block-uagb-advanced-heading uagb-block-2d154b1c\"><p class=\"uagb-heading-text\">Ser refer\u00eancia nacional em consultoria t\u00e9cnica para elevadores, reconhecida pela qualidade, inova\u00e7\u00e3o e confiabilidade dos servi\u00e7os prestados, contribuindo para a evolu\u00e7\u00e3o do transporte vertical no Brasil.<\/p><\/div>\n\n\n\n<div class=\"wp-block-uagb-advanced-heading uagb-block-0477746e\"><h2 class=\"uagb-heading-text\">Valores<\/h2><div class=\"uagb-separator\"><\/div><\/div>\n\n\n\n<div class=\"wp-block-uagb-advanced-heading uagb-block-a415ee9d\"><p class=\"uagb-heading-text\"><strong>Excel\u00eancia T\u00e9cnica:<\/strong> Compromisso com a qualidade em cada etapa do servi\u00e7o.<br><strong>Seguran\u00e7a:<\/strong> Prioridade absoluta em todas as solu\u00e7\u00f5es e recomenda\u00e7\u00f5es.<br><strong>\u00c9tica e Transpar\u00eancia:<\/strong> Rela\u00e7\u00f5es claras e profissionais com todos os envolvidos.<br><strong>Inova\u00e7\u00e3o:<\/strong> Busca constante por atualiza\u00e7\u00e3o e melhoria cont\u00ednua.<br><strong>Responsabilidade:<\/strong> Cumprimento rigoroso das normas, prazos e compromissos assumidos.<br><strong>Foco no Cliente:<\/strong> Entendimento das necessidades para entregar solu\u00e7\u00f5es personalizadas e eficientes.<\/p><\/div>\n<\/div><\/div>\n\n\n\n<div class=\"wp-block-uagb-container uagb-layout-grid uagb-block-c6db9915 alignfull uagb-is-root-container\"><div class=\"uagb-container-inner-blocks-wrap\">\n<div class=\"wp-block-uagb-advanced-heading uagb-block-0dc55ff5\"><h2 class=\"uagb-heading-text\">por que escolher a ce lift?<\/h2><div class=\"uagb-separator\"><\/div><p class=\"uagb-desc-text\">Na <strong>CE Lift Consultoria<\/strong>, unimos experi\u00eancia, conhecimento t\u00e9cnico e compromisso com a excel\u00eancia para oferecer solu\u00e7\u00f5es completas e personalizadas para o setor de elevadores.<\/p><\/div>\n\n\n\n<div class=\"wp-block-uagb-container uagb-block-3206ab72\">\n<div class=\"wp-block-uagb-icon-list uagb-block-5555bfb2\"><div class=\"uagb-icon-list__wrap\">\n<div class=\"wp-block-uagb-icon-list-child uagb-block-18bf6bff\"><span class=\"uagb-icon-list__source-wrap\"><svg xmlns=\"https:\/\/www.w3.org\/2000\/svg\" viewBox=\"0 0 448 512\"><path d=\"M400 288h-352c-17.69 0-32-14.32-32-32.01s14.31-31.99 32-31.99h352c17.69 0 32 14.3 32 31.99S417.7 288 400 288z\"><\/path><\/svg><\/span><span class=\"uagb-icon-list__label\"><strong>Especializa\u00e7\u00e3o T\u00e9cnica: <\/strong>Mais de 25 anos de atua\u00e7\u00e3o no segmento, com expertise em instala\u00e7\u00e3o, moderniza\u00e7\u00e3o, manuten\u00e7\u00e3o e adequa\u00e7\u00e3o de sistemas de transporte vertical.<\/span><\/div>\n\n\n\n<div class=\"wp-block-uagb-icon-list-child uagb-block-cfadfd47\"><span class=\"uagb-icon-list__source-wrap\"><svg xmlns=\"https:\/\/www.w3.org\/2000\/svg\" viewBox=\"0 0 448 512\"><path d=\"M400 288h-352c-17.69 0-32-14.32-32-32.01s14.31-31.99 32-31.99h352c17.69 0 32 14.3 32 31.99S417.7 288 400 288z\"><\/path><\/svg><\/span><span class=\"uagb-icon-list__label\"><strong>Conformidade com Normas:<\/strong> Atuamos com total alinhamento \u00e0s exig\u00eancias da ABNT, NBR e demais regulamenta\u00e7\u00f5es t\u00e9cnicas, garantindo seguran\u00e7a jur\u00eddica e operacional.<\/span><\/div>\n\n\n\n<div class=\"wp-block-uagb-icon-list-child uagb-block-30af38a8\"><span class=\"uagb-icon-list__source-wrap\"><svg xmlns=\"https:\/\/www.w3.org\/2000\/svg\" viewBox=\"0 0 448 512\"><path d=\"M400 288h-352c-17.69 0-32-14.32-32-32.01s14.31-31.99 32-31.99h352c17.69 0 32 14.3 32 31.99S417.7 288 400 288z\"><\/path><\/svg><\/span><span class=\"uagb-icon-list__label\"><strong>Acompanhamento Profissional:<\/strong> Desde a an\u00e1lise inicial at\u00e9 a finaliza\u00e7\u00e3o da obra, oferecemos suporte completo com foco em desempenho, efici\u00eancia e durabilidade.\u200b<\/span><\/div>\n\n\n\n<div class=\"wp-block-uagb-icon-list-child uagb-block-315aeafb\"><span class=\"uagb-icon-list__source-wrap\"><svg xmlns=\"https:\/\/www.w3.org\/2000\/svg\" viewBox=\"0 0 448 512\"><path d=\"M400 288h-352c-17.69 0-32-14.32-32-32.01s14.31-31.99 32-31.99h352c17.69 0 32 14.3 32 31.99S417.7 288 400 288z\"><\/path><\/svg><\/span><span class=\"uagb-icon-list__label\"><strong>Solu\u00e7\u00f5es Personalizadas<\/strong>: Entregamos projetos sob medida, pensados de acordo com as necessidades de cada cliente.<\/span><\/div>\n\n\n\n<div class=\"wp-block-uagb-icon-list-child uagb-block-0f537b9a\"><span class=\"uagb-icon-list__source-wrap\"><svg xmlns=\"https:\/\/www.w3.org\/2000\/svg\" viewBox=\"0 0 448 512\"><path d=\"M400 288h-352c-17.69 0-32-14.32-32-32.01s14.31-31.99 32-31.99h352c17.69 0 32 14.3 32 31.99S417.7 288 400 288z\"><\/path><\/svg><\/span><span class=\"uagb-icon-list__label\"><strong>Relacionamento de Confian\u00e7a:<\/strong> Prezamos por \u00e9tica, clareza e compromisso em todas as etapas do trabalho.<\/span><\/div>\n<\/div><\/div>\n<\/div>\n<\/div><\/div>\n","protected":false},"excerpt":{"rendered":"<p>Sobre n\u00f3s Solicite a sua consultoria Somos o apoio t\u00e9cnico que move o seu projeto para o futuro A CE Lift Consultoria nasceu com o prop\u00f3sito de oferecer solu\u00e7\u00f5es completas e personalizadas para o setor de elevadores. Com mais de 25 anos de experi\u00eancia, nossa equipe atua com foco em qualidade, inova\u00e7\u00e3o e seguran\u00e7a, atendendo [&hellip;]<\/p>\n","protected":false},"author":1,"featured_media":0,"parent":0,"menu_order":0,"comment_status":"closed","ping_status":"closed","template":"","meta":{"_uag_custom_page_level_css":"","site-sidebar-layout":"no-sidebar","site-content-layout":"plain-container","ast-site-content-layout":"normal-width-container","site-content-style":"unboxed","site-sidebar-style":"unboxed","ast-global-header-display":"","ast-banner-title-visibility":"","ast-main-header-display":"","ast-hfb-above-header-display":"","ast-hfb-below-header-display":"","ast-hfb-mobile-header-display":"","site-post-title":"disabled","ast-breadcrumbs-content":"","ast-featured-img":"","footer-sml-layout":"","theme-transparent-header-meta":"enabled","adv-header-id-meta":"","stick-header-meta":"","header-above-stick-meta":"","header-main-stick-meta":"","header-below-stick-meta":"","astra-migrate-meta-layouts":"set","ast-page-background-enabled":"default","ast-page-background-meta":{"desktop":{"background-color":"","background-image":"","background-repeat":"repeat","background-position":"center center","background-size":"auto","background-attachment":"scroll","background-type":"","background-media":"","overlay-type":"","overlay-color":"","overlay-opacity":"","overlay-gradient":""},"tablet":{"background-color":"","background-image":"","background-repeat":"repeat","background-position":"center center","background-size":"auto","background-attachment":"scroll","background-type":"","background-media":"","overlay-type":"","overlay-color":"","overlay-opacity":"","overlay-gradient":""},"mobile":{"background-color":"","background-image":"","background-repeat":"repeat","background-position":"center center","background-size":"auto","background-attachment":"scroll","background-type":"","background-media":"","overlay-type":"","overlay-color":"","overlay-opacity":"","overlay-gradient":""}},"ast-content-background-meta":{"desktop":{"background-color":"var(--ast-global-color-5)","background-image":"","background-repeat":"repeat","background-position":"center center","background-size":"auto","background-attachment":"scroll","background-type":"","background-media":"","overlay-type":"","overlay-color":"","overlay-opacity":"","overlay-gradient":""},"tablet":{"background-color":"var(--ast-global-color-5)","background-image":"","background-repeat":"repeat","background-position":"center center","background-size":"auto","background-attachment":"scroll","background-type":"","background-media":"","overlay-type":"","overlay-color":"","overlay-opacity":"","overlay-gradient":""},"mobile":{"background-color":"var(--ast-global-color-5)","background-image":"","background-repeat":"repeat","background-position":"center center","background-size":"auto","background-attachment":"scroll","background-type":"","background-media":"","overlay-type":"","overlay-color":"","overlay-opacity":"","overlay-gradient":""}},"footnotes":""},"class_list":["post-29","page","type-page","status-publish","hentry"],"aioseo_notices":[],"yoast_head":"<!-- This site is optimized with the Yoast SEO plugin v25.3.1 - https:\/\/yoast.com\/wordpress\/plugins\/seo\/ -->\n<title>Sobre -<\/title>\n<meta name=\"robots\" content=\"index, follow, max-snippet:-1, max-image-preview:large, max-video-preview:-1\" \/>\n<link rel=\"canonical\" href=\"https:\/\/celiftconsultoria.com.br\/home\/about\/\" \/>\n<meta property=\"og:locale\" content=\"pt_BR\" \/>\n<meta property=\"og:type\" content=\"article\" \/>\n<meta property=\"og:title\" content=\"Sobre -\" \/>\n<meta property=\"og:description\" content=\"Sobre n\u00f3s Solicite a sua consultoria Somos o apoio t\u00e9cnico que move o seu projeto para o futuro A CE Lift Consultoria nasceu com o prop\u00f3sito de oferecer solu\u00e7\u00f5es completas e personalizadas para o setor de elevadores. Com mais de 25 anos de experi\u00eancia, nossa equipe atua com foco em qualidade, inova\u00e7\u00e3o e seguran\u00e7a, atendendo [&hellip;]\" \/>\n<meta property=\"og:url\" content=\"https:\/\/celiftconsultoria.com.br\/home\/about\/\" \/>\n<meta property=\"article:modified_time\" content=\"2025-06-20T23:09:21+00:00\" \/>\n<meta property=\"og:image\" content=\"https:\/\/celiftconsultoria.com.br\/wp-content\/uploads\/2025\/06\/cropped-cropped-WhatsApp_Image_2025-06-15_at_22.08.17-removebg-preview.png\" \/>\n\t<meta property=\"og:image:width\" content=\"512\" \/>\n\t<meta property=\"og:image:height\" content=\"512\" \/>\n\t<meta property=\"og:image:type\" content=\"image\/png\" \/>\n<meta name=\"twitter:card\" content=\"summary_large_image\" \/>\n<meta name=\"twitter:label1\" content=\"Est. tempo de leitura\" \/>\n\t<meta name=\"twitter:data1\" content=\"1 minuto\" \/>\n<script type=\"application\/ld+json\" class=\"yoast-schema-graph\">{\"@context\":\"https:\/\/schema.org\",\"@graph\":[{\"@type\":\"WebPage\",\"@id\":\"https:\/\/celiftconsultoria.com.br\/home\/about\/\",\"url\":\"https:\/\/celiftconsultoria.com.br\/home\/about\/\",\"name\":\"Sobre -\",\"isPartOf\":{\"@id\":\"https:\/\/celiftconsultoria.com.br\/home\/#website\"},\"datePublished\":\"2025-06-15T23:17:17+00:00\",\"dateModified\":\"2025-06-20T23:09:21+00:00\",\"breadcrumb\":{\"@id\":\"https:\/\/celiftconsultoria.com.br\/home\/about\/#breadcrumb\"},\"inLanguage\":\"pt-BR\",\"potentialAction\":[{\"@type\":\"ReadAction\",\"target\":[\"https:\/\/celiftconsultoria.com.br\/home\/about\/\"]}]},{\"@type\":\"BreadcrumbList\",\"@id\":\"https:\/\/celiftconsultoria.com.br\/home\/about\/#breadcrumb\",\"itemListElement\":[{\"@type\":\"ListItem\",\"position\":1,\"name\":\"In\u00edcio\",\"item\":\"https:\/\/celiftconsultoria.com.br\/home\/\"},{\"@type\":\"ListItem\",\"position\":2,\"name\":\"Sobre\"}]},{\"@type\":\"WebSite\",\"@id\":\"https:\/\/celiftconsultoria.com.br\/home\/#website\",\"url\":\"https:\/\/celiftconsultoria.com.br\/home\/\",\"name\":\"CE LIFT CONSULTORIA\",\"description\":\"Consultoria em elevadores\",\"publisher\":{\"@id\":\"https:\/\/celiftconsultoria.com.br\/home\/#organization\"},\"alternateName\":\"CE LIFT CONSULTORIA\",\"potentialAction\":[{\"@type\":\"SearchAction\",\"target\":{\"@type\":\"EntryPoint\",\"urlTemplate\":\"https:\/\/celiftconsultoria.com.br\/home\/?s={search_term_string}\"},\"query-input\":{\"@type\":\"PropertyValueSpecification\",\"valueRequired\":true,\"valueName\":\"search_term_string\"}}],\"inLanguage\":\"pt-BR\"},{\"@type\":\"Organization\",\"@id\":\"https:\/\/celiftconsultoria.com.br\/home\/#organization\",\"name\":\"CE LIFT CONSULTORIA\",\"url\":\"https:\/\/celiftconsultoria.com.br\/home\/\",\"logo\":{\"@type\":\"ImageObject\",\"inLanguage\":\"pt-BR\",\"@id\":\"https:\/\/celiftconsultoria.com.br\/home\/#\/schema\/logo\/image\/\",\"url\":\"https:\/\/celiftconsultoria.com.br\/wp-content\/uploads\/2025\/06\/cropped-WhatsApp_Image_2025-06-15_at_22.08.17-removebg-preview.png\",\"contentUrl\":\"https:\/\/celiftconsultoria.com.br\/wp-content\/uploads\/2025\/06\/cropped-WhatsApp_Image_2025-06-15_at_22.08.17-removebg-preview.png\",\"width\":595,\"height\":198,\"caption\":\"CE LIFT CONSULTORIA\"},\"image\":{\"@id\":\"https:\/\/celiftconsultoria.com.br\/home\/#\/schema\/logo\/image\/\"}}]}<\/script>\n<!-- \/ Yoast SEO plugin. -->","yoast_head_json":{"title":"Sobre -","robots":{"index":"index","follow":"follow","max-snippet":"max-snippet:-1","max-image-preview":"max-image-preview:large","max-video-preview":"max-video-preview:-1"},"canonical":"https:\/\/celiftconsultoria.com.br\/home\/about\/","og_locale":"pt_BR","og_type":"article","og_title":"Sobre -","og_description":"Sobre n\u00f3s Solicite a sua consultoria Somos o apoio t\u00e9cnico que move o seu projeto para o futuro A CE Lift Consultoria nasceu com o prop\u00f3sito de oferecer solu\u00e7\u00f5es completas e personalizadas para o setor de elevadores. Com mais de 25 anos de experi\u00eancia, nossa equipe atua com foco em qualidade, inova\u00e7\u00e3o e seguran\u00e7a, atendendo [&hellip;]","og_url":"https:\/\/celiftconsultoria.com.br\/home\/about\/","article_modified_time":"2025-06-20T23:09:21+00:00","og_image":[{"width":512,"height":512,"url":"https:\/\/celiftconsultoria.com.br\/wp-content\/uploads\/2025\/06\/cropped-cropped-WhatsApp_Image_2025-06-15_at_22.08.17-removebg-preview.png","type":"image\/png"}],"twitter_card":"summary_large_image","twitter_misc":{"Est. tempo de leitura":"1 minuto"},"schema":{"@context":"https:\/\/schema.org","@graph":[{"@type":"WebPage","@id":"https:\/\/celiftconsultoria.com.br\/home\/about\/","url":"https:\/\/celiftconsultoria.com.br\/home\/about\/","name":"Sobre -","isPartOf":{"@id":"https:\/\/celiftconsultoria.com.br\/home\/#website"},"datePublished":"2025-06-15T23:17:17+00:00","dateModified":"2025-06-20T23:09:21+00:00","breadcrumb":{"@id":"https:\/\/celiftconsultoria.com.br\/home\/about\/#breadcrumb"},"inLanguage":"pt-BR","potentialAction":[{"@type":"ReadAction","target":["https:\/\/celiftconsultoria.com.br\/home\/about\/"]}]},{"@type":"BreadcrumbList","@id":"https:\/\/celiftconsultoria.com.br\/home\/about\/#breadcrumb","itemListElement":[{"@type":"ListItem","position":1,"name":"In\u00edcio","item":"https:\/\/celiftconsultoria.com.br\/home\/"},{"@type":"ListItem","position":2,"name":"Sobre"}]},{"@type":"WebSite","@id":"https:\/\/celiftconsultoria.com.br\/home\/#website","url":"https:\/\/celiftconsultoria.com.br\/home\/","name":"CE LIFT CONSULTORIA","description":"Consultoria em elevadores","publisher":{"@id":"https:\/\/celiftconsultoria.com.br\/home\/#organization"},"alternateName":"CE LIFT CONSULTORIA","potentialAction":[{"@type":"SearchAction","target":{"@type":"EntryPoint","urlTemplate":"https:\/\/celiftconsultoria.com.br\/home\/?s={search_term_string}"},"query-input":{"@type":"PropertyValueSpecification","valueRequired":true,"valueName":"search_term_string"}}],"inLanguage":"pt-BR"},{"@type":"Organization","@id":"https:\/\/celiftconsultoria.com.br\/home\/#organization","name":"CE LIFT CONSULTORIA","url":"https:\/\/celiftconsultoria.com.br\/home\/","logo":{"@type":"ImageObject","inLanguage":"pt-BR","@id":"https:\/\/celiftconsultoria.com.br\/home\/#\/schema\/logo\/image\/","url":"https:\/\/celiftconsultoria.com.br\/wp-content\/uploads\/2025\/06\/cropped-WhatsApp_Image_2025-06-15_at_22.08.17-removebg-preview.png","contentUrl":"https:\/\/celiftconsultoria.com.br\/wp-content\/uploads\/2025\/06\/cropped-WhatsApp_Image_2025-06-15_at_22.08.17-removebg-preview.png","width":595,"height":198,"caption":"CE LIFT CONSULTORIA"},"image":{"@id":"https:\/\/celiftconsultoria.com.br\/home\/#\/schema\/logo\/image\/"}}]}},"uagb_featured_image_src":{"full":false,"thumbnail":false,"medium":false,"medium_large":false,"large":false,"1536x1536":false,"2048x2048":false},"uagb_author_info":{"display_name":"kaio-bcd@hotmail.com","author_link":"https:\/\/celiftconsultoria.com.br\/home\/author\/kaio-bcdhotmail-com\/"},"uagb_comment_info":0,"uagb_excerpt":"Sobre n\u00f3s Solicite a sua consultoria Somos o apoio t\u00e9cnico que move o seu projeto para o futuro A CE Lift Consultoria nasceu com o prop\u00f3sito de oferecer solu\u00e7\u00f5es completas e personalizadas para o setor de elevadores. Com mais de 25 anos de experi\u00eancia, nossa equipe atua com foco em qualidade, inova\u00e7\u00e3o e seguran\u00e7a, atendendo&hellip;","_links":{"self":[{"href":"https:\/\/celiftconsultoria.com.br\/home\/wp-json\/wp\/v2\/pages\/29","targetHints":{"allow":["GET"]}}],"collection":[{"href":"https:\/\/celiftconsultoria.com.br\/home\/wp-json\/wp\/v2\/pages"}],"about":[{"href":"https:\/\/celiftconsultoria.com.br\/home\/wp-json\/wp\/v2\/types\/page"}],"author":[{"embeddable":true,"href":"https:\/\/celiftconsultoria.com.br\/home\/wp-json\/wp\/v2\/users\/1"}],"replies":[{"embeddable":true,"href":"https:\/\/celiftconsultoria.com.br\/home\/wp-json\/wp\/v2\/comments?post=29"}],"version-history":[{"count":10,"href":"https:\/\/celiftconsultoria.com.br\/home\/wp-json\/wp\/v2\/pages\/29\/revisions"}],"predecessor-version":[{"id":1626,"href":"https:\/\/celiftconsultoria.com.br\/home\/wp-json\/wp\/v2\/pages\/29\/revisions\/1626"}],"wp:attachment":[{"href":"https:\/\/celiftconsultoria.com.br\/home\/wp-json\/wp\/v2\/media?parent=29"}],"curies":[{"name":"wp","href":"https:\/\/api.w.org\/{rel}","templated":true}]}}